{"id":4078,"date":"2026-05-08T16:07:12","date_gmt":"2026-05-08T19:07:12","guid":{"rendered":"https:\/\/www.donachiquinhamf.com.br\/?product=blusa-com-alcas-lunender"},"modified":"2026-05-08T16:13:47","modified_gmt":"2026-05-08T19:13:47","slug":"blusa-com-alcas-lunender","status":"publish","type":"product","link":"https:\/\/www.donachiquinhamf.com.br\/?product=blusa-com-alcas-lunender","title":{"rendered":"Blusa Com Al\u00e7as Lunender"},"content":{"rendered":"<p>Uma blusa de al\u00e7as finas com decote em V, al\u00e7as regul\u00e1veis e estampa xadrez em estilo grid sobre fundo off-white. A pe\u00e7a \u00e9 confeccionada em viscose fluida, o que garante um caimento leve e frescor para o dia a dia. COMPOSI\u00c7\u00c3O: 100% viscose<\/p>\n","protected":false},"excerpt":{"rendered":"<p>Uma blusa de al\u00e7as finas com decote em V, al\u00e7as regul\u00e1veis e estampa xadrez.<\/p>\n","protected":false},"featured_media":4095,"comment_status":"open","ping_status":"closed","template":"","meta":{"content-type":""},"product_brand":[],"product_cat":[61],"product_tag":[],"class_list":{"0":"post-4078","1":"product","2":"type-product","3":"status-publish","4":"has-post-thumbnail","6":"product_cat-blusas","8":"first","9":"instock","10":"shipping-taxable","11":"purchasable","12":"product-type-simple"},"_links":{"self":[{"href":"https:\/\/www.donachiquinhamf.com.br\/index.php?rest_route=\/wp\/v2\/product\/4078","targetHints":{"allow":["GET"]}}],"collection":[{"href":"https:\/\/www.donachiquinhamf.com.br\/index.php?rest_route=\/wp\/v2\/product"}],"about":[{"href":"https:\/\/www.donachiquinhamf.com.br\/index.php?rest_route=\/wp\/v2\/types\/product"}],"replies":[{"embeddable":true,"href":"https:\/\/www.donachiquinhamf.com.br\/index.php?rest_route=%2Fwp%2Fv2%2Fcomments&post=4078"}],"wp:featuredmedia":[{"embeddable":true,"href":"https:\/\/www.donachiquinhamf.com.br\/index.php?rest_route=\/wp\/v2\/media\/4095"}],"wp:attachment":[{"href":"https:\/\/www.donachiquinhamf.com.br\/index.php?rest_route=%2Fwp%2Fv2%2Fmedia&parent=4078"}],"wp:term":[{"taxonomy":"product_brand","embeddable":true,"href":"https:\/\/www.donachiquinhamf.com.br\/index.php?rest_route=%2Fwp%2Fv2%2Fproduct_brand&post=4078"},{"taxonomy":"product_cat","embeddable":true,"href":"https:\/\/www.donachiquinhamf.com.br\/index.php?rest_route=%2Fwp%2Fv2%2Fproduct_cat&post=4078"},{"taxonomy":"product_tag","embeddable":true,"href":"https:\/\/www.donachiquinhamf.com.br\/index.php?rest_route=%2Fwp%2Fv2%2Fproduct_tag&post=4078"}],"curies":[{"name":"wp","href":"https:\/\/api.w.org\/{rel}","templated":true}]}}