{"id":4079,"date":"2026-05-08T16:07:12","date_gmt":"2026-05-08T19:07:12","guid":{"rendered":"https:\/\/www.donachiquinhamf.com.br\/?product=calca-lunender-wide-leg-linho-sarja"},"modified":"2026-05-08T16:16:39","modified_gmt":"2026-05-08T19:16:39","slug":"calca-lunender-wide-leg-linho-sarja","status":"publish","type":"product","link":"https:\/\/www.donachiquinhamf.com.br\/?product=calca-lunender-wide-leg-linho-sarja","title":{"rendered":"Cal\u00e7a Lunender Wide leg Linho\/ Sarja"},"content":{"rendered":"<p>Cal\u00e7a Wide Leg Cintura Alta em Sarja de Linho com Chapa Barriga da marca Lunender. destaca-se pelo c\u00f3s alto com bot\u00f5es encapados e a tecnologia Chapa Barriga, projetada para comprimir e modelar a \u00e1rea abdominal. A composi\u00e7\u00e3o t\u00edpica desta pe\u00e7a inclui uma mistura de algod\u00e3o, viscose, linho e elastano, proporcionando um visual sofisticado e leve. COMPOSI\u00c7\u00c3O: 68% Algod\u00e3o, 30% Linho e 2% Elastano.<\/p>\n","protected":false},"excerpt":{"rendered":"<p>Cal\u00e7a Wide Leg Cintura Alta em Sarja de Linho com Chapa Barriga da marca Lunender.<\/p>\n","protected":false},"featured_media":4097,"comment_status":"open","ping_status":"closed","template":"","meta":{"content-type":""},"product_brand":[],"product_cat":[53],"product_tag":[],"class_list":{"0":"post-4079","1":"product","2":"type-product","3":"status-publish","4":"has-post-thumbnail","6":"product_cat-calcas","8":"first","9":"instock","10":"shipping-taxable","11":"purchasable","12":"product-type-simple"},"_links":{"self":[{"href":"https:\/\/www.donachiquinhamf.com.br\/index.php?rest_route=\/wp\/v2\/product\/4079","targetHints":{"allow":["GET"]}}],"collection":[{"href":"https:\/\/www.donachiquinhamf.com.br\/index.php?rest_route=\/wp\/v2\/product"}],"about":[{"href":"https:\/\/www.donachiquinhamf.com.br\/index.php?rest_route=\/wp\/v2\/types\/product"}],"replies":[{"embeddable":true,"href":"https:\/\/www.donachiquinhamf.com.br\/index.php?rest_route=%2Fwp%2Fv2%2Fcomments&post=4079"}],"wp:featuredmedia":[{"embeddable":true,"href":"https:\/\/www.donachiquinhamf.com.br\/index.php?rest_route=\/wp\/v2\/media\/4097"}],"wp:attachment":[{"href":"https:\/\/www.donachiquinhamf.com.br\/index.php?rest_route=%2Fwp%2Fv2%2Fmedia&parent=4079"}],"wp:term":[{"taxonomy":"product_brand","embeddable":true,"href":"https:\/\/www.donachiquinhamf.com.br\/index.php?rest_route=%2Fwp%2Fv2%2Fproduct_brand&post=4079"},{"taxonomy":"product_cat","embeddable":true,"href":"https:\/\/www.donachiquinhamf.com.br\/index.php?rest_route=%2Fwp%2Fv2%2Fproduct_cat&post=4079"},{"taxonomy":"product_tag","embeddable":true,"href":"https:\/\/www.donachiquinhamf.com.br\/index.php?rest_route=%2Fwp%2Fv2%2Fproduct_tag&post=4079"}],"curies":[{"name":"wp","href":"https:\/\/api.w.org\/{rel}","templated":true}]}}