{"id":4082,"date":"2026-05-08T16:07:12","date_gmt":"2026-05-08T19:07:12","guid":{"rendered":"https:\/\/www.donachiquinhamf.com.br\/?product=vestido-curto-lunender-estampado-com-bolsos-em-malha"},"modified":"2026-05-08T16:21:08","modified_gmt":"2026-05-08T19:21:08","slug":"vestido-curto-lunender-estampado-com-bolsos-em-malha","status":"publish","type":"product","link":"https:\/\/www.donachiquinhamf.com.br\/?product=vestido-curto-lunender-estampado-com-bolsos-em-malha","title":{"rendered":"Vestido Curto Lunender Estampado Com Bolsos Em Malha"},"content":{"rendered":"<p>O vestido curto Lunender aparece em malha com elastano que garante conforto imediato e caimento agrad\u00e1vel ao longo do uso. Os bolsos laterais deixam tudo mais pr\u00e1tico, trazendo aquele detalhe funcional que faz diferen\u00e7a no dia a dia. Feito com viscose respons\u00e1vel, Produ\u00e7\u00e3o com menor impacto ambiental, Malha macia com elastano, Comprimento curto, Gola redonda, Bolsos laterais, Mangas curtas. COMPOSI\u00c7\u00c3O: 97% Viscose 3% Elastano.<\/p>\n","protected":false},"excerpt":{"rendered":"<p>O vestido curto Lunender aparece em malha com elastano que garante conforto.<\/p>\n","protected":false},"featured_media":4102,"comment_status":"open","ping_status":"closed","template":"","meta":{"content-type":""},"product_brand":[],"product_cat":[50],"product_tag":[],"class_list":{"0":"post-4082","1":"product","2":"type-product","3":"status-publish","4":"has-post-thumbnail","6":"product_cat-vestidos","8":"first","9":"instock","10":"shipping-taxable","11":"purchasable","12":"product-type-simple"},"_links":{"self":[{"href":"https:\/\/www.donachiquinhamf.com.br\/index.php?rest_route=\/wp\/v2\/product\/4082","targetHints":{"allow":["GET"]}}],"collection":[{"href":"https:\/\/www.donachiquinhamf.com.br\/index.php?rest_route=\/wp\/v2\/product"}],"about":[{"href":"https:\/\/www.donachiquinhamf.com.br\/index.php?rest_route=\/wp\/v2\/types\/product"}],"replies":[{"embeddable":true,"href":"https:\/\/www.donachiquinhamf.com.br\/index.php?rest_route=%2Fwp%2Fv2%2Fcomments&post=4082"}],"wp:featuredmedia":[{"embeddable":true,"href":"https:\/\/www.donachiquinhamf.com.br\/index.php?rest_route=\/wp\/v2\/media\/4102"}],"wp:attachment":[{"href":"https:\/\/www.donachiquinhamf.com.br\/index.php?rest_route=%2Fwp%2Fv2%2Fmedia&parent=4082"}],"wp:term":[{"taxonomy":"product_brand","embeddable":true,"href":"https:\/\/www.donachiquinhamf.com.br\/index.php?rest_route=%2Fwp%2Fv2%2Fproduct_brand&post=4082"},{"taxonomy":"product_cat","embeddable":true,"href":"https:\/\/www.donachiquinhamf.com.br\/index.php?rest_route=%2Fwp%2Fv2%2Fproduct_cat&post=4082"},{"taxonomy":"product_tag","embeddable":true,"href":"https:\/\/www.donachiquinhamf.com.br\/index.php?rest_route=%2Fwp%2Fv2%2Fproduct_tag&post=4082"}],"curies":[{"name":"wp","href":"https:\/\/api.w.org\/{rel}","templated":true}]}}