{"id":4084,"date":"2026-05-08T16:07:12","date_gmt":"2026-05-08T19:07:12","guid":{"rendered":"https:\/\/www.donachiquinhamf.com.br\/?product=blusa-lunender-assimetrica-sem-mangas-em-cirre"},"modified":"2026-05-08T16:22:49","modified_gmt":"2026-05-08T19:22:49","slug":"blusa-lunender-assimetrica-sem-mangas-em-cirre","status":"publish","type":"product","link":"https:\/\/www.donachiquinhamf.com.br\/?product=blusa-lunender-assimetrica-sem-mangas-em-cirre","title":{"rendered":"Blusa Lunender Assim\u00e9trica Sem Mangas Em Cirr\u00ea"},"content":{"rendered":"<p>A blusa Lunender traz o brilho do cirr\u00ea, perfeito para produ\u00e7\u00f5es de atitude e looks noturnos. A barra assim\u00e9trica surge como tend\u00eancia forte da temporada, valorizada pelas pregas que criam um visual moderno e cheio de personalidade. Vale apostar. Feita em malha cirr\u00ea, Acabamento brilhante, Barra assim\u00e9trica, Gola alta, Pregas no ombro e na lateral. COMPOSI\u00c7\u00c3O: 87% Poli\u00e9ster 13% Elastano.<\/p>\n","protected":false},"excerpt":{"rendered":"<p>A blusa Lunender traz o brilho do cirr\u00ea, perfeito para produ\u00e7\u00f5es de atitude e looks noturnos.<\/p>\n","protected":false},"featured_media":4106,"comment_status":"open","ping_status":"closed","template":"","meta":{"content-type":""},"product_brand":[],"product_cat":[61],"product_tag":[],"class_list":{"0":"post-4084","1":"product","2":"type-product","3":"status-publish","4":"has-post-thumbnail","6":"product_cat-blusas","8":"first","9":"instock","10":"shipping-taxable","11":"purchasable","12":"product-type-simple"},"_links":{"self":[{"href":"https:\/\/www.donachiquinhamf.com.br\/index.php?rest_route=\/wp\/v2\/product\/4084","targetHints":{"allow":["GET"]}}],"collection":[{"href":"https:\/\/www.donachiquinhamf.com.br\/index.php?rest_route=\/wp\/v2\/product"}],"about":[{"href":"https:\/\/www.donachiquinhamf.com.br\/index.php?rest_route=\/wp\/v2\/types\/product"}],"replies":[{"embeddable":true,"href":"https:\/\/www.donachiquinhamf.com.br\/index.php?rest_route=%2Fwp%2Fv2%2Fcomments&post=4084"}],"wp:featuredmedia":[{"embeddable":true,"href":"https:\/\/www.donachiquinhamf.com.br\/index.php?rest_route=\/wp\/v2\/media\/4106"}],"wp:attachment":[{"href":"https:\/\/www.donachiquinhamf.com.br\/index.php?rest_route=%2Fwp%2Fv2%2Fmedia&parent=4084"}],"wp:term":[{"taxonomy":"product_brand","embeddable":true,"href":"https:\/\/www.donachiquinhamf.com.br\/index.php?rest_route=%2Fwp%2Fv2%2Fproduct_brand&post=4084"},{"taxonomy":"product_cat","embeddable":true,"href":"https:\/\/www.donachiquinhamf.com.br\/index.php?rest_route=%2Fwp%2Fv2%2Fproduct_cat&post=4084"},{"taxonomy":"product_tag","embeddable":true,"href":"https:\/\/www.donachiquinhamf.com.br\/index.php?rest_route=%2Fwp%2Fv2%2Fproduct_tag&post=4084"}],"curies":[{"name":"wp","href":"https:\/\/api.w.org\/{rel}","templated":true}]}}