{"id":4085,"date":"2026-05-08T16:07:12","date_gmt":"2026-05-08T19:07:12","guid":{"rendered":"https:\/\/www.donachiquinhamf.com.br\/?product=casaco-lunender-alongado-com-botoes-em-malha-risca-de-giz"},"modified":"2026-05-11T10:21:27","modified_gmt":"2026-05-11T13:21:27","slug":"casaco-lunender-alongado-com-botoes-em-malha-risca-de-giz","status":"publish","type":"product","link":"https:\/\/www.donachiquinhamf.com.br\/?product=casaco-lunender-alongado-com-botoes-em-malha-risca-de-giz","title":{"rendered":"Casaco Lunender Alongado Com Bot\u00f5es Em Malha Risca De Giz"},"content":{"rendered":"<p>A risca de giz, s\u00edmbolo de eleg\u00e2ncia na alfaiataria, surge renovada neste casaco alongado Lunender. O recorte na cintura inverte a dire\u00e7\u00e3o das listras e cria um ponto de interesse que destaca a regi\u00e3o com feminilidade. Garanta esta pe\u00e7a-chave. Feito com viscose respons\u00e1vel, Malha de alfaiataria com elastano, Padronagem risca de giz, Mangas longas, Gola cl\u00e1ssica, Fechamento por bot\u00f5es, Recorte na cintura. COMPOSI\u00c7\u00c3O: 85% Viscose 11% Poli\u00e9ster 4% Elastano.<\/p>\n","protected":false},"excerpt":{"rendered":"<p>A risca de giz surge renovada neste casaco alongado Lunender com recorte na cintura.<\/p>\n","protected":false},"featured_media":4191,"comment_status":"open","ping_status":"closed","template":"","meta":{"content-type":""},"product_brand":[],"product_cat":[73],"product_tag":[],"class_list":{"0":"post-4085","1":"product","2":"type-product","3":"status-publish","4":"has-post-thumbnail","6":"product_cat-casacos","8":"first","9":"instock","10":"shipping-taxable","11":"purchasable","12":"product-type-simple"},"_links":{"self":[{"href":"https:\/\/www.donachiquinhamf.com.br\/index.php?rest_route=\/wp\/v2\/product\/4085","targetHints":{"allow":["GET"]}}],"collection":[{"href":"https:\/\/www.donachiquinhamf.com.br\/index.php?rest_route=\/wp\/v2\/product"}],"about":[{"href":"https:\/\/www.donachiquinhamf.com.br\/index.php?rest_route=\/wp\/v2\/types\/product"}],"replies":[{"embeddable":true,"href":"https:\/\/www.donachiquinhamf.com.br\/index.php?rest_route=%2Fwp%2Fv2%2Fcomments&post=4085"}],"wp:featuredmedia":[{"embeddable":true,"href":"https:\/\/www.donachiquinhamf.com.br\/index.php?rest_route=\/wp\/v2\/media\/4191"}],"wp:attachment":[{"href":"https:\/\/www.donachiquinhamf.com.br\/index.php?rest_route=%2Fwp%2Fv2%2Fmedia&parent=4085"}],"wp:term":[{"taxonomy":"product_brand","embeddable":true,"href":"https:\/\/www.donachiquinhamf.com.br\/index.php?rest_route=%2Fwp%2Fv2%2Fproduct_brand&post=4085"},{"taxonomy":"product_cat","embeddable":true,"href":"https:\/\/www.donachiquinhamf.com.br\/index.php?rest_route=%2Fwp%2Fv2%2Fproduct_cat&post=4085"},{"taxonomy":"product_tag","embeddable":true,"href":"https:\/\/www.donachiquinhamf.com.br\/index.php?rest_route=%2Fwp%2Fv2%2Fproduct_tag&post=4085"}],"curies":[{"name":"wp","href":"https:\/\/api.w.org\/{rel}","templated":true}]}}