{"id":4086,"date":"2026-05-08T16:07:12","date_gmt":"2026-05-08T19:07:12","guid":{"rendered":"https:\/\/www.donachiquinhamf.com.br\/?product=blusa-de-mangas-curtas-lunender-com-gola-em-malha"},"modified":"2026-05-11T09:51:04","modified_gmt":"2026-05-11T12:51:04","slug":"blusa-de-mangas-curtas-lunender-com-gola-em-malha","status":"publish","type":"product","link":"https:\/\/www.donachiquinhamf.com.br\/?product=blusa-de-mangas-curtas-lunender-com-gola-em-malha","title":{"rendered":"Blusa De Mangas Curtas Lunender Com Gola Em Malha"},"content":{"rendered":"<p>A blusa de mangas curtas aposta na malha macia com elastano que deixa o uso leve do come\u00e7o ao fim do dia. O decote em V com gola adiciona um ar casual chic que eleva qualquer composi\u00e7\u00e3o. Pronta para entrar nos seus looks com naturalidade, garanta a sua. Feita com viscose respons\u00e1vel, Malha macia com elastano, Mangas curtas, Decote em V com gola, Comprimento regular. COMPOSI\u00c7\u00c3O: 87% Viscose 8% Poli\u00e9ster 5% Elastano.<\/p>\n","protected":false},"excerpt":{"rendered":"<p>Blusa de mangas curtas em malha macia com elastano e decote em V com gola.<\/p>\n","protected":false},"featured_media":4164,"comment_status":"open","ping_status":"closed","template":"","meta":{"content-type":""},"product_brand":[],"product_cat":[61],"product_tag":[],"class_list":{"0":"post-4086","1":"product","2":"type-product","3":"status-publish","4":"has-post-thumbnail","6":"product_cat-blusas","8":"first","9":"instock","10":"shipping-taxable","11":"purchasable","12":"product-type-simple"},"_links":{"self":[{"href":"https:\/\/www.donachiquinhamf.com.br\/index.php?rest_route=\/wp\/v2\/product\/4086","targetHints":{"allow":["GET"]}}],"collection":[{"href":"https:\/\/www.donachiquinhamf.com.br\/index.php?rest_route=\/wp\/v2\/product"}],"about":[{"href":"https:\/\/www.donachiquinhamf.com.br\/index.php?rest_route=\/wp\/v2\/types\/product"}],"replies":[{"embeddable":true,"href":"https:\/\/www.donachiquinhamf.com.br\/index.php?rest_route=%2Fwp%2Fv2%2Fcomments&post=4086"}],"wp:featuredmedia":[{"embeddable":true,"href":"https:\/\/www.donachiquinhamf.com.br\/index.php?rest_route=\/wp\/v2\/media\/4164"}],"wp:attachment":[{"href":"https:\/\/www.donachiquinhamf.com.br\/index.php?rest_route=%2Fwp%2Fv2%2Fmedia&parent=4086"}],"wp:term":[{"taxonomy":"product_brand","embeddable":true,"href":"https:\/\/www.donachiquinhamf.com.br\/index.php?rest_route=%2Fwp%2Fv2%2Fproduct_brand&post=4086"},{"taxonomy":"product_cat","embeddable":true,"href":"https:\/\/www.donachiquinhamf.com.br\/index.php?rest_route=%2Fwp%2Fv2%2Fproduct_cat&post=4086"},{"taxonomy":"product_tag","embeddable":true,"href":"https:\/\/www.donachiquinhamf.com.br\/index.php?rest_route=%2Fwp%2Fv2%2Fproduct_tag&post=4086"}],"curies":[{"name":"wp","href":"https:\/\/api.w.org\/{rel}","templated":true}]}}