{"id":4087,"date":"2026-05-08T16:07:13","date_gmt":"2026-05-08T19:07:13","guid":{"rendered":"https:\/\/www.donachiquinhamf.com.br\/?product=conjunto-lunender-com-calca-e-blusa-assimetrica-sem-mangas"},"modified":"2026-05-08T16:25:42","modified_gmt":"2026-05-08T19:25:42","slug":"conjunto-lunender-com-calca-e-blusa-assimetrica-sem-mangas","status":"publish","type":"product","link":"https:\/\/www.donachiquinhamf.com.br\/?product=conjunto-lunender-com-calca-e-blusa-assimetrica-sem-mangas","title":{"rendered":"Conjunto Lunender Com Cal\u00e7a E Blusa Assim\u00e9trica Sem Mangas"},"content":{"rendered":"<p>O conjunto Lunender une o conforto da malha macia ao corte moderno da cal\u00e7a, criando um estilo descomplicado. A blusa sem mangas com barra assim\u00e9trica entra como ponto-chave da produ\u00e7\u00e3o. Use e descubra como essa tend\u00eancia pode transformar seu visual. Feito com viscose respons\u00e1vel, Malha macia com elastano, Blusa sem mangas, Barra assim\u00e9trica, Decote redondo, Cal\u00e7a com c\u00f3s el\u00e1stico, Bolsos funcionais. COMPOSI\u00c7\u00c3O: Blusa e Cal\u00e7a 87% Viscose 8% Poli\u00e9ster 5% Elastano.<\/p>\n","protected":false},"excerpt":{"rendered":"<p>O conjunto Lunender une o conforto da malha macia ao corte moderno da cal\u00e7a.<\/p>\n","protected":false},"featured_media":4109,"comment_status":"open","ping_status":"closed","template":"","meta":{"content-type":""},"product_brand":[],"product_cat":[85],"product_tag":[],"class_list":{"0":"post-4087","1":"product","2":"type-product","3":"status-publish","4":"has-post-thumbnail","6":"product_cat-conjuntos","8":"first","9":"instock","10":"shipping-taxable","11":"purchasable","12":"product-type-simple"},"_links":{"self":[{"href":"https:\/\/www.donachiquinhamf.com.br\/index.php?rest_route=\/wp\/v2\/product\/4087","targetHints":{"allow":["GET"]}}],"collection":[{"href":"https:\/\/www.donachiquinhamf.com.br\/index.php?rest_route=\/wp\/v2\/product"}],"about":[{"href":"https:\/\/www.donachiquinhamf.com.br\/index.php?rest_route=\/wp\/v2\/types\/product"}],"replies":[{"embeddable":true,"href":"https:\/\/www.donachiquinhamf.com.br\/index.php?rest_route=%2Fwp%2Fv2%2Fcomments&post=4087"}],"wp:featuredmedia":[{"embeddable":true,"href":"https:\/\/www.donachiquinhamf.com.br\/index.php?rest_route=\/wp\/v2\/media\/4109"}],"wp:attachment":[{"href":"https:\/\/www.donachiquinhamf.com.br\/index.php?rest_route=%2Fwp%2Fv2%2Fmedia&parent=4087"}],"wp:term":[{"taxonomy":"product_brand","embeddable":true,"href":"https:\/\/www.donachiquinhamf.com.br\/index.php?rest_route=%2Fwp%2Fv2%2Fproduct_brand&post=4087"},{"taxonomy":"product_cat","embeddable":true,"href":"https:\/\/www.donachiquinhamf.com.br\/index.php?rest_route=%2Fwp%2Fv2%2Fproduct_cat&post=4087"},{"taxonomy":"product_tag","embeddable":true,"href":"https:\/\/www.donachiquinhamf.com.br\/index.php?rest_route=%2Fwp%2Fv2%2Fproduct_tag&post=4087"}],"curies":[{"name":"wp","href":"https:\/\/api.w.org\/{rel}","templated":true}]}}