{"id":4088,"date":"2026-05-08T16:07:13","date_gmt":"2026-05-08T19:07:13","guid":{"rendered":"https:\/\/www.donachiquinhamf.com.br\/?product=blusa-com-mangas-3-4-em-malha-responsavel"},"modified":"2026-05-11T09:40:52","modified_gmt":"2026-05-11T12:40:52","slug":"blusa-com-mangas-3-4-em-malha-responsavel","status":"publish","type":"product","link":"https:\/\/www.donachiquinhamf.com.br\/?product=blusa-com-mangas-3-4-em-malha-responsavel","title":{"rendered":"Blusa Com Mangas 3\/4 Em Malha Respons\u00e1vel"},"content":{"rendered":"<p>Confort\u00e1vel, a blusa com mangas 3\/4 surge em uma malha suave com elastano, perfeita para acompanhar a rotina. A gola e os punhos canelados adicionam estrutura, garantindo um caimento interessante dentro da proposta mais minimalista. Feita com viscose respons\u00e1vel, Produ\u00e7\u00e3o com menor impacto ambiental, Malha leve com elastano, Gola e punhos em malha canelada, Mangas 3\/4. COMPOSI\u00c7\u00c3O: 96% Viscose 4% Elastano.<\/p>\n","protected":false},"excerpt":{"rendered":"<p>Confort\u00e1vel, a blusa com mangas 3\/4 surge em uma malha suave com elastano.<\/p>\n","protected":false},"featured_media":4157,"comment_status":"open","ping_status":"closed","template":"","meta":{"content-type":""},"product_brand":[],"product_cat":[61],"product_tag":[],"class_list":{"0":"post-4088","1":"product","2":"type-product","3":"status-publish","4":"has-post-thumbnail","6":"product_cat-blusas","8":"first","9":"instock","10":"shipping-taxable","11":"purchasable","12":"product-type-simple"},"_links":{"self":[{"href":"https:\/\/www.donachiquinhamf.com.br\/index.php?rest_route=\/wp\/v2\/product\/4088","targetHints":{"allow":["GET"]}}],"collection":[{"href":"https:\/\/www.donachiquinhamf.com.br\/index.php?rest_route=\/wp\/v2\/product"}],"about":[{"href":"https:\/\/www.donachiquinhamf.com.br\/index.php?rest_route=\/wp\/v2\/types\/product"}],"replies":[{"embeddable":true,"href":"https:\/\/www.donachiquinhamf.com.br\/index.php?rest_route=%2Fwp%2Fv2%2Fcomments&post=4088"}],"wp:featuredmedia":[{"embeddable":true,"href":"https:\/\/www.donachiquinhamf.com.br\/index.php?rest_route=\/wp\/v2\/media\/4157"}],"wp:attachment":[{"href":"https:\/\/www.donachiquinhamf.com.br\/index.php?rest_route=%2Fwp%2Fv2%2Fmedia&parent=4088"}],"wp:term":[{"taxonomy":"product_brand","embeddable":true,"href":"https:\/\/www.donachiquinhamf.com.br\/index.php?rest_route=%2Fwp%2Fv2%2Fproduct_brand&post=4088"},{"taxonomy":"product_cat","embeddable":true,"href":"https:\/\/www.donachiquinhamf.com.br\/index.php?rest_route=%2Fwp%2Fv2%2Fproduct_cat&post=4088"},{"taxonomy":"product_tag","embeddable":true,"href":"https:\/\/www.donachiquinhamf.com.br\/index.php?rest_route=%2Fwp%2Fv2%2Fproduct_tag&post=4088"}],"curies":[{"name":"wp","href":"https:\/\/api.w.org\/{rel}","templated":true}]}}