{"id":4089,"date":"2026-05-08T16:07:13","date_gmt":"2026-05-08T19:07:13","guid":{"rendered":"https:\/\/www.donachiquinhamf.com.br\/?product=blusa-em-malha-crepe-com-mangas-curtas"},"modified":"2026-05-11T09:40:21","modified_gmt":"2026-05-11T12:40:21","slug":"blusa-em-malha-crepe-com-mangas-curtas","status":"publish","type":"product","link":"https:\/\/www.donachiquinhamf.com.br\/?product=blusa-em-malha-crepe-com-mangas-curtas","title":{"rendered":"Blusa Em Malha Crepe Com Mangas Curtas"},"content":{"rendered":"<p>A blusa em malha crepe parte de uma modelagem cl\u00e1ssica que ganha modernidade com as costas levemente mais alongadas. As costuras decorativas finalizam a pe\u00e7a, criando um ponto de interesse elegante no visual. Ressignifique o b\u00e1sico. Feita com viscose respons\u00e1vel, Malha leve com elastano e toque creponado, Mangas curtas, Decote redondo, Comprimento maior nas costas, Aberturas laterais, Costuras decorativas na barra. COMPOSI\u00c7\u00c3O: 96% Viscose 4% Elastano.<\/p>\n","protected":false},"excerpt":{"rendered":"<p>A blusa em malha crepe parte de uma modelagem cl\u00e1ssica que ganha modernidade.<\/p>\n","protected":false},"featured_media":4158,"comment_status":"open","ping_status":"closed","template":"","meta":{"content-type":""},"product_brand":[],"product_cat":[61],"product_tag":[],"class_list":{"0":"post-4089","1":"product","2":"type-product","3":"status-publish","4":"has-post-thumbnail","6":"product_cat-blusas","8":"first","9":"instock","10":"shipping-taxable","11":"purchasable","12":"product-type-simple"},"_links":{"self":[{"href":"https:\/\/www.donachiquinhamf.com.br\/index.php?rest_route=\/wp\/v2\/product\/4089","targetHints":{"allow":["GET"]}}],"collection":[{"href":"https:\/\/www.donachiquinhamf.com.br\/index.php?rest_route=\/wp\/v2\/product"}],"about":[{"href":"https:\/\/www.donachiquinhamf.com.br\/index.php?rest_route=\/wp\/v2\/types\/product"}],"replies":[{"embeddable":true,"href":"https:\/\/www.donachiquinhamf.com.br\/index.php?rest_route=%2Fwp%2Fv2%2Fcomments&post=4089"}],"wp:featuredmedia":[{"embeddable":true,"href":"https:\/\/www.donachiquinhamf.com.br\/index.php?rest_route=\/wp\/v2\/media\/4158"}],"wp:attachment":[{"href":"https:\/\/www.donachiquinhamf.com.br\/index.php?rest_route=%2Fwp%2Fv2%2Fmedia&parent=4089"}],"wp:term":[{"taxonomy":"product_brand","embeddable":true,"href":"https:\/\/www.donachiquinhamf.com.br\/index.php?rest_route=%2Fwp%2Fv2%2Fproduct_brand&post=4089"},{"taxonomy":"product_cat","embeddable":true,"href":"https:\/\/www.donachiquinhamf.com.br\/index.php?rest_route=%2Fwp%2Fv2%2Fproduct_cat&post=4089"},{"taxonomy":"product_tag","embeddable":true,"href":"https:\/\/www.donachiquinhamf.com.br\/index.php?rest_route=%2Fwp%2Fv2%2Fproduct_tag&post=4089"}],"curies":[{"name":"wp","href":"https:\/\/api.w.org\/{rel}","templated":true}]}}