{"id":4090,"date":"2026-05-08T16:07:13","date_gmt":"2026-05-08T19:07:13","guid":{"rendered":"https:\/\/www.donachiquinhamf.com.br\/?product=vestido-midi-cha-com-gola-em-viscose-responsavel"},"modified":"2026-05-08T16:28:41","modified_gmt":"2026-05-08T19:28:41","slug":"vestido-midi-cha-com-gola-em-viscose-responsavel","status":"publish","type":"product","link":"https:\/\/www.donachiquinhamf.com.br\/?product=vestido-midi-cha-com-gola-em-viscose-responsavel","title":{"rendered":"Vestido Midi Ch\u00e1 Com Gola Em Viscose Respons\u00e1vel"},"content":{"rendered":"<p>Com caimento suave e toque fresco, o vestido midi ch\u00e1 traz toda a fluidez da viscose em um modelo vers\u00e1til e atemporal. A gola com franzidos adiciona charme discreto. Use com acess\u00f3rios metalizados e eleve a produ\u00e7\u00e3o. Feito com viscose respons\u00e1vel, Produ\u00e7\u00e3o com menor impacto ambiental, Tecido plano e fluido, Comprimento midi ch\u00e1, Gola com franzidos, Fechamento posterior por bot\u00f5es.<\/p>\n","protected":false},"excerpt":{"rendered":"<p>Com caimento suave e toque fresco, o vestido midi ch\u00e1 traz toda a fluidez da viscose.<\/p>\n","protected":false},"featured_media":4114,"comment_status":"open","ping_status":"closed","template":"","meta":{"content-type":""},"product_brand":[],"product_cat":[50],"product_tag":[],"class_list":{"0":"post-4090","1":"product","2":"type-product","3":"status-publish","4":"has-post-thumbnail","6":"product_cat-vestidos","8":"first","9":"instock","10":"shipping-taxable","11":"purchasable","12":"product-type-simple"},"_links":{"self":[{"href":"https:\/\/www.donachiquinhamf.com.br\/index.php?rest_route=\/wp\/v2\/product\/4090","targetHints":{"allow":["GET"]}}],"collection":[{"href":"https:\/\/www.donachiquinhamf.com.br\/index.php?rest_route=\/wp\/v2\/product"}],"about":[{"href":"https:\/\/www.donachiquinhamf.com.br\/index.php?rest_route=\/wp\/v2\/types\/product"}],"replies":[{"embeddable":true,"href":"https:\/\/www.donachiquinhamf.com.br\/index.php?rest_route=%2Fwp%2Fv2%2Fcomments&post=4090"}],"wp:featuredmedia":[{"embeddable":true,"href":"https:\/\/www.donachiquinhamf.com.br\/index.php?rest_route=\/wp\/v2\/media\/4114"}],"wp:attachment":[{"href":"https:\/\/www.donachiquinhamf.com.br\/index.php?rest_route=%2Fwp%2Fv2%2Fmedia&parent=4090"}],"wp:term":[{"taxonomy":"product_brand","embeddable":true,"href":"https:\/\/www.donachiquinhamf.com.br\/index.php?rest_route=%2Fwp%2Fv2%2Fproduct_brand&post=4090"},{"taxonomy":"product_cat","embeddable":true,"href":"https:\/\/www.donachiquinhamf.com.br\/index.php?rest_route=%2Fwp%2Fv2%2Fproduct_cat&post=4090"},{"taxonomy":"product_tag","embeddable":true,"href":"https:\/\/www.donachiquinhamf.com.br\/index.php?rest_route=%2Fwp%2Fv2%2Fproduct_tag&post=4090"}],"curies":[{"name":"wp","href":"https:\/\/api.w.org\/{rel}","templated":true}]}}