{"id":4091,"date":"2026-05-08T16:07:13","date_gmt":"2026-05-08T19:07:13","guid":{"rendered":"https:\/\/www.donachiquinhamf.com.br\/?product=vestido-midi-cha-com-aberturas-em-malha-crepe"},"modified":"2026-05-11T10:14:40","modified_gmt":"2026-05-11T13:14:40","slug":"vestido-midi-cha-com-aberturas-em-malha-crepe","status":"publish","type":"product","link":"https:\/\/www.donachiquinhamf.com.br\/?product=vestido-midi-cha-com-aberturas-em-malha-crepe","title":{"rendered":"Vestido Midi Ch\u00e1 Com Aberturas Em Malha Crepe"},"content":{"rendered":"<p>O vestido midi ch\u00e1 \u00e9 feito em malha creponada que oferece textura suave e toque leve. As aberturas na barra s\u00e3o o detalhe que garante charme e fluidez na medida certa. Um modelo vers\u00e1til para diferentes momentos. Feito com viscose respons\u00e1vel, Produ\u00e7\u00e3o com menor impacto ambiental, Malha com toque creponado, Comprimento midi ch\u00e1, Decote em V, Aberturas na barra.<\/p>\n","protected":false},"excerpt":{"rendered":"<p>O vestido midi ch\u00e1 \u00e9 feito em malha creponada que oferece textura suave e toque leve.<\/p>\n","protected":false},"featured_media":4180,"comment_status":"open","ping_status":"closed","template":"","meta":{"content-type":""},"product_brand":[],"product_cat":[50],"product_tag":[],"class_list":{"0":"post-4091","1":"product","2":"type-product","3":"status-publish","4":"has-post-thumbnail","6":"product_cat-vestidos","8":"first","9":"instock","10":"shipping-taxable","11":"purchasable","12":"product-type-simple"},"_links":{"self":[{"href":"https:\/\/www.donachiquinhamf.com.br\/index.php?rest_route=\/wp\/v2\/product\/4091","targetHints":{"allow":["GET"]}}],"collection":[{"href":"https:\/\/www.donachiquinhamf.com.br\/index.php?rest_route=\/wp\/v2\/product"}],"about":[{"href":"https:\/\/www.donachiquinhamf.com.br\/index.php?rest_route=\/wp\/v2\/types\/product"}],"replies":[{"embeddable":true,"href":"https:\/\/www.donachiquinhamf.com.br\/index.php?rest_route=%2Fwp%2Fv2%2Fcomments&post=4091"}],"wp:featuredmedia":[{"embeddable":true,"href":"https:\/\/www.donachiquinhamf.com.br\/index.php?rest_route=\/wp\/v2\/media\/4180"}],"wp:attachment":[{"href":"https:\/\/www.donachiquinhamf.com.br\/index.php?rest_route=%2Fwp%2Fv2%2Fmedia&parent=4091"}],"wp:term":[{"taxonomy":"product_brand","embeddable":true,"href":"https:\/\/www.donachiquinhamf.com.br\/index.php?rest_route=%2Fwp%2Fv2%2Fproduct_brand&post=4091"},{"taxonomy":"product_cat","embeddable":true,"href":"https:\/\/www.donachiquinhamf.com.br\/index.php?rest_route=%2Fwp%2Fv2%2Fproduct_cat&post=4091"},{"taxonomy":"product_tag","embeddable":true,"href":"https:\/\/www.donachiquinhamf.com.br\/index.php?rest_route=%2Fwp%2Fv2%2Fproduct_tag&post=4091"}],"curies":[{"name":"wp","href":"https:\/\/api.w.org\/{rel}","templated":true}]}}