{"id":4092,"date":"2026-05-08T16:07:13","date_gmt":"2026-05-08T19:07:13","guid":{"rendered":"https:\/\/www.donachiquinhamf.com.br\/?product=blusa-de-mangas-curtas-com-decote-em-v"},"modified":"2026-05-11T09:38:51","modified_gmt":"2026-05-11T12:38:51","slug":"blusa-de-mangas-curtas-com-decote-em-v","status":"publish","type":"product","link":"https:\/\/www.donachiquinhamf.com.br\/?product=blusa-de-mangas-curtas-com-decote-em-v","title":{"rendered":"Blusa De Mangas Curtas Com Decote Em V"},"content":{"rendered":"<p>Com propor\u00e7\u00f5es que deixam o visual mais leve, a blusa de malha tem decote em V que traz equil\u00edbrio ao shape b\u00e1sico. A malha com elasticidade garante conforto durante todo o uso. Use sempre que quiser frescor. Feita com viscose respons\u00e1vel, Produ\u00e7\u00e3o com menor impacto ambiental, Malha macia com elastano, Comprimento na altura do c\u00f3s, Mangas curtas, Decote em V.<\/p>\n","protected":false},"excerpt":{"rendered":"<p>Com propor\u00e7\u00f5es que deixam o visual mais leve, a blusa de malha tem decote em V.<\/p>\n","protected":false},"featured_media":4156,"comment_status":"open","ping_status":"closed","template":"","meta":{"content-type":""},"product_brand":[],"product_cat":[61],"product_tag":[],"class_list":{"0":"post-4092","1":"product","2":"type-product","3":"status-publish","4":"has-post-thumbnail","6":"product_cat-blusas","8":"first","9":"instock","10":"shipping-taxable","11":"purchasable","12":"product-type-simple"},"_links":{"self":[{"href":"https:\/\/www.donachiquinhamf.com.br\/index.php?rest_route=\/wp\/v2\/product\/4092","targetHints":{"allow":["GET"]}}],"collection":[{"href":"https:\/\/www.donachiquinhamf.com.br\/index.php?rest_route=\/wp\/v2\/product"}],"about":[{"href":"https:\/\/www.donachiquinhamf.com.br\/index.php?rest_route=\/wp\/v2\/types\/product"}],"replies":[{"embeddable":true,"href":"https:\/\/www.donachiquinhamf.com.br\/index.php?rest_route=%2Fwp%2Fv2%2Fcomments&post=4092"}],"wp:featuredmedia":[{"embeddable":true,"href":"https:\/\/www.donachiquinhamf.com.br\/index.php?rest_route=\/wp\/v2\/media\/4156"}],"wp:attachment":[{"href":"https:\/\/www.donachiquinhamf.com.br\/index.php?rest_route=%2Fwp%2Fv2%2Fmedia&parent=4092"}],"wp:term":[{"taxonomy":"product_brand","embeddable":true,"href":"https:\/\/www.donachiquinhamf.com.br\/index.php?rest_route=%2Fwp%2Fv2%2Fproduct_brand&post=4092"},{"taxonomy":"product_cat","embeddable":true,"href":"https:\/\/www.donachiquinhamf.com.br\/index.php?rest_route=%2Fwp%2Fv2%2Fproduct_cat&post=4092"},{"taxonomy":"product_tag","embeddable":true,"href":"https:\/\/www.donachiquinhamf.com.br\/index.php?rest_route=%2Fwp%2Fv2%2Fproduct_tag&post=4092"}],"curies":[{"name":"wp","href":"https:\/\/api.w.org\/{rel}","templated":true}]}}