{"id":4093,"date":"2026-05-08T16:07:13","date_gmt":"2026-05-08T19:07:13","guid":{"rendered":"https:\/\/www.donachiquinhamf.com.br\/?product=blusa-de-mangas-curtas-em-malha-estampada"},"modified":"2026-05-11T09:40:31","modified_gmt":"2026-05-11T12:40:31","slug":"blusa-de-mangas-curtas-em-malha-estampada","status":"publish","type":"product","link":"https:\/\/www.donachiquinhamf.com.br\/?product=blusa-de-mangas-curtas-em-malha-estampada","title":{"rendered":"Blusa De Mangas Curtas Em Malha Estampada"},"content":{"rendered":"<p>A blusa de mangas curtas ganha vida com a estampa moderna que ilumina qualquer combina\u00e7\u00e3o. A malha leve com elastano acompanha o corpo com conforto e deixa tudo mais f\u00e1cil de usar. Use e experimente montar produ\u00e7\u00f5es que conversem com o seu estilo. Feita com viscose respons\u00e1vel, Produ\u00e7\u00e3o com menor impacto ambiental, Malha leve com elastano, Mangas curtas, Decote redondo, Comprimento regular. COMPOSI\u00c7\u00c3O: 96% Viscose 4% Elastano.<\/p>\n","protected":false},"excerpt":{"rendered":"<p>A blusa de mangas curtas ganha vida com a estampa moderna que ilumina qualquer combina\u00e7\u00e3o.<\/p>\n","protected":false},"featured_media":4160,"comment_status":"open","ping_status":"closed","template":"","meta":{"content-type":""},"product_brand":[],"product_cat":[61],"product_tag":[],"class_list":{"0":"post-4093","1":"product","2":"type-product","3":"status-publish","4":"has-post-thumbnail","6":"product_cat-blusas","8":"first","9":"instock","10":"shipping-taxable","11":"purchasable","12":"product-type-simple"},"_links":{"self":[{"href":"https:\/\/www.donachiquinhamf.com.br\/index.php?rest_route=\/wp\/v2\/product\/4093","targetHints":{"allow":["GET"]}}],"collection":[{"href":"https:\/\/www.donachiquinhamf.com.br\/index.php?rest_route=\/wp\/v2\/product"}],"about":[{"href":"https:\/\/www.donachiquinhamf.com.br\/index.php?rest_route=\/wp\/v2\/types\/product"}],"replies":[{"embeddable":true,"href":"https:\/\/www.donachiquinhamf.com.br\/index.php?rest_route=%2Fwp%2Fv2%2Fcomments&post=4093"}],"wp:featuredmedia":[{"embeddable":true,"href":"https:\/\/www.donachiquinhamf.com.br\/index.php?rest_route=\/wp\/v2\/media\/4160"}],"wp:attachment":[{"href":"https:\/\/www.donachiquinhamf.com.br\/index.php?rest_route=%2Fwp%2Fv2%2Fmedia&parent=4093"}],"wp:term":[{"taxonomy":"product_brand","embeddable":true,"href":"https:\/\/www.donachiquinhamf.com.br\/index.php?rest_route=%2Fwp%2Fv2%2Fproduct_brand&post=4093"},{"taxonomy":"product_cat","embeddable":true,"href":"https:\/\/www.donachiquinhamf.com.br\/index.php?rest_route=%2Fwp%2Fv2%2Fproduct_cat&post=4093"},{"taxonomy":"product_tag","embeddable":true,"href":"https:\/\/www.donachiquinhamf.com.br\/index.php?rest_route=%2Fwp%2Fv2%2Fproduct_tag&post=4093"}],"curies":[{"name":"wp","href":"https:\/\/api.w.org\/{rel}","templated":true}]}}